{"id":736,"date":"2021-04-06T07:40:54","date_gmt":"2021-04-06T07:40:54","guid":{"rendered":"https:\/\/dev.autocaresgrupobenidorm.com\/?page_id=736"},"modified":"2023-11-29T13:07:04","modified_gmt":"2023-11-29T13:07:04","slug":"aviso-legal","status":"publish","type":"page","link":"https:\/\/autocaresgrupobenidorm.com\/es\/aviso-legal\/","title":{"rendered":"Aviso Legal"},"content":{"rendered":"<p>[et_pb_section fb_built=\u00bb1&#8243; admin_label=\u00bbHeader\u00bb _builder_version=\u00bb4.16&#8243; background_color=\u00bbrgba(0,0,0,0.11)\u00bb background_image=\u00bbhttps:\/\/dev.autocaresgrupobenidorm.com\/wp-content\/uploads\/2021\/02\/transportation-services-13.png\u00bb background_size=\u00bbinitial\u00bb background_position=\u00bbbottom_left\u00bb background_blend=\u00bbmultiply\u00bb locked=\u00bboff\u00bb global_colors_info=\u00bb{}\u00bb][et_pb_row _builder_version=\u00bb4.16&#8243; max_height=\u00bb100px\u00bb global_colors_info=\u00bb{}\u00bb][et_pb_column type=\u00bb4_4&#8243; _builder_version=\u00bb4.16&#8243; custom_padding=\u00bb|||\u00bb global_colors_info=\u00bb{}\u00bb custom_padding__hover=\u00bb|||\u00bb][et_pb_text ul_type=\u00bbcircle\u00bb _builder_version=\u00bb4.16&#8243; text_font=\u00bb||||||||\u00bb text_font_size=\u00bb18px\u00bb text_line_height=\u00bb2em\u00bb ul_font=\u00bb||||||||\u00bb ul_font_size=\u00bb18px\u00bb ul_line_height=\u00bb2em\u00bb header_font=\u00bbMontserrat|700|||||||\u00bb header_font_size=\u00bb50px\u00bb header_line_height=\u00bb1.2em\u00bb text_orientation=\u00bbcenter\u00bb background_layout=\u00bbdark\u00bb header_font_size_tablet=\u00bb40px\u00bb header_font_size_phone=\u00bb28px\u00bb header_font_size_last_edited=\u00bbon|phone\u00bb global_colors_info=\u00bb{}\u00bb]<\/p>\n<h1><span style=\"color: #595959;\">Aviso Legal<\/span><\/h1>\n<p>&nbsp;<\/p>\n<p>[\/et_pb_text][\/et_pb_column][\/et_pb_row][\/et_pb_section][et_pb_section fb_built=\u00bb1&#8243; _builder_version=\u00bb4.16&#8243; _module_preset=\u00bbdefault\u00bb global_colors_info=\u00bb{}\u00bb][et_pb_row _builder_version=\u00bb4.16&#8243; _module_preset=\u00bbdefault\u00bb global_colors_info=\u00bb{}\u00bb][et_pb_column type=\u00bb4_4&#8243; _builder_version=\u00bb4.16&#8243; _module_preset=\u00bbdefault\u00bb global_colors_info=\u00bb{}\u00bb][et_pb_text _builder_version=\u00bb4.16&#8243; _module_preset=\u00bbdefault\u00bb global_colors_info=\u00bb{}\u00bb]<\/p>\n<div class=\"row-fluid wrapper\">\n<div class=\"span12\">\n<h1 class=\"page-title\">Aviso Legal<\/h1>\n<\/div>\n<\/div>\n<div class=\"row-fluid wrapper\">\n<div id=\"content-region\" class=\"span12\">\n<div class=\"region region-content\">\n<div id=\"block-system-main\" class=\"block block-system\">\n<div class=\"content\">\n<div class=\"ds-1col node node-page view-mode-default clearfix\">\n<div class=\"field field-name-body field-type-text-with-summary field-label-hidden\">\n<div class=\"field-items\">\n<div class=\"field-item even\">\n<p>Atendiendo a la ley, en vigor, 34\/2002 de 11 de julio, sobre los Servicios de la Sociedad de la Informaci\u00f3n y de Comercio Electr\u00f3nico (LSSICE), la empresa AUTOCARES GRUPO BENIDORM , S.L. informa, en cumplimiento del art\u00edculo 10 de la citada ley, de lo siguiente:<\/p>\n<p>&nbsp;<\/p>\n<p>La direcci\u00f3n <strong>www.autocaresgrupobenidorm.com<\/strong> corresponde a la empresa AUTOCARES GRUPO BENIDORM , S.L con CIF B-53348835 con domicilio en Cam\u00ed Salt de l\u00b4aigua 15, Benidorm (03503) \u2013 Alicantecon C.I.F. B-53485545, con domicilio en Cam\u00ed Salt de l\u2019Aigua, 15 &#8211; Benidorm &#8211; (03503) \u2013 Alicante.\u2013Alicante, inscrita en el Registro Mercantil de Alicante, Tomo 3423, Folio: 205, Hoja n\u00famero A-52317, Inscripci\u00f3n 17 .<\/p>\n<p>Canal \u00c9tico: <a href=\"https:\/\/centinela.lefebvre.es\/public\/concept\/1878744?access=uCb%20VVCA7%2BKVTfHavy6eUmK29tOrvhbDgpmd1xvDYcV0%3D\" style=\"font-size: 14px;\">https:\/\/centinela.lefebvre.es\/public\/concept\/1878744?access=uCb%20VVCA7%2BKVTfHavy6eUmK29tOrvhbDgpmd1xvDYcV0%3D<\/a><\/p>\n<p>&nbsp;<\/p>\n<\/div>\n<\/div>\n<\/div>\n<\/div>\n<\/div>\n<\/div>\n<\/div>\n<\/div>\n<\/div>\n<p>[\/et_pb_text][\/et_pb_column][\/et_pb_row][\/et_pb_section]<\/p>\n","protected":false},"excerpt":{"rendered":"<p>Aviso Legal &nbsp; Aviso Legal Atendiendo a la ley, en vigor, 34\/2002 de 11 de julio, sobre los Servicios de la Sociedad de la Informaci\u00f3n y de Comercio Electr\u00f3nico (LSSICE), la empresa AUTOCARES GRUPO BENIDORM , S.L. informa, en cumplimiento del art\u00edculo 10 de la citada ley, de lo siguiente: &nbsp; La direcci\u00f3n www.autocaresgrupobenidorm.com corresponde [&hellip;]<\/p>\n","protected":false},"author":1,"featured_media":0,"parent":0,"menu_order":0,"comment_status":"closed","ping_status":"closed","template":"","meta":{"_et_pb_use_builder":"on","_et_pb_old_content":"","_et_gb_content_width":"","footnotes":""},"class_list":["post-736","page","type-page","status-publish","hentry"],"yoast_head":"<!-- This site is optimized with the Yoast SEO plugin v24.9 - https:\/\/yoast.com\/wordpress\/plugins\/seo\/ -->\n<title>Aviso Legal - Autocares Grupo Benidorm<\/title>\n<meta name=\"robots\" content=\"index, follow, max-snippet:-1, max-image-preview:large, max-video-preview:-1\" \/>\n<link rel=\"canonical\" href=\"https:\/\/autocaresgrupobenidorm.com\/es\/aviso-legal\/\" \/>\n<meta property=\"og:locale\" content=\"es_ES\" \/>\n<meta property=\"og:type\" content=\"article\" \/>\n<meta property=\"og:title\" content=\"Aviso Legal - Autocares Grupo Benidorm\" \/>\n<meta property=\"og:description\" content=\"Aviso Legal &nbsp; Aviso Legal Atendiendo a la ley, en vigor, 34\/2002 de 11 de julio, sobre los Servicios de la Sociedad de la Informaci\u00f3n y de Comercio Electr\u00f3nico (LSSICE), la empresa AUTOCARES GRUPO BENIDORM , S.L. informa, en cumplimiento del art\u00edculo 10 de la citada ley, de lo siguiente: &nbsp; La direcci\u00f3n www.autocaresgrupobenidorm.com corresponde [&hellip;]\" \/>\n<meta property=\"og:url\" content=\"https:\/\/autocaresgrupobenidorm.com\/es\/aviso-legal\/\" \/>\n<meta property=\"og:site_name\" content=\"Autocares Grupo Benidorm\" \/>\n<meta property=\"article:modified_time\" content=\"2023-11-29T13:07:04+00:00\" \/>\n<meta name=\"twitter:card\" content=\"summary_large_image\" \/>\n<meta name=\"twitter:label1\" content=\"Tiempo de lectura\" \/>\n\t<meta name=\"twitter:data1\" content=\"2 minutos\" \/>\n<script type=\"application\/ld+json\" class=\"yoast-schema-graph\">{\"@context\":\"https:\/\/schema.org\",\"@graph\":[{\"@type\":\"WebPage\",\"@id\":\"https:\/\/autocaresgrupobenidorm.com\/es\/aviso-legal\/\",\"url\":\"https:\/\/autocaresgrupobenidorm.com\/es\/aviso-legal\/\",\"name\":\"Aviso Legal - Autocares Grupo Benidorm\",\"isPartOf\":{\"@id\":\"https:\/\/autocaresgrupobenidorm.com\/es\/#website\"},\"datePublished\":\"2021-04-06T07:40:54+00:00\",\"dateModified\":\"2023-11-29T13:07:04+00:00\",\"breadcrumb\":{\"@id\":\"https:\/\/autocaresgrupobenidorm.com\/es\/aviso-legal\/#breadcrumb\"},\"inLanguage\":\"es\",\"potentialAction\":[{\"@type\":\"ReadAction\",\"target\":[\"https:\/\/autocaresgrupobenidorm.com\/es\/aviso-legal\/\"]}]},{\"@type\":\"BreadcrumbList\",\"@id\":\"https:\/\/autocaresgrupobenidorm.com\/es\/aviso-legal\/#breadcrumb\",\"itemListElement\":[{\"@type\":\"ListItem\",\"position\":1,\"name\":\"Portada\",\"item\":\"https:\/\/autocaresgrupobenidorm.com\/en\/\"},{\"@type\":\"ListItem\",\"position\":2,\"name\":\"Aviso Legal\"}]},{\"@type\":\"WebSite\",\"@id\":\"https:\/\/autocaresgrupobenidorm.com\/es\/#website\",\"url\":\"https:\/\/autocaresgrupobenidorm.com\/es\/\",\"name\":\"Autocares Grupo Benidorm\",\"description\":\"Alquiler de autobuses y veh\u00edculos VIP\",\"publisher\":{\"@id\":\"https:\/\/autocaresgrupobenidorm.com\/es\/#organization\"},\"potentialAction\":[{\"@type\":\"SearchAction\",\"target\":{\"@type\":\"EntryPoint\",\"urlTemplate\":\"https:\/\/autocaresgrupobenidorm.com\/es\/?s={search_term_string}\"},\"query-input\":{\"@type\":\"PropertyValueSpecification\",\"valueRequired\":true,\"valueName\":\"search_term_string\"}}],\"inLanguage\":\"es\"},{\"@type\":\"Organization\",\"@id\":\"https:\/\/autocaresgrupobenidorm.com\/es\/#organization\",\"name\":\"Autocares Grupo Benidorm\",\"url\":\"https:\/\/autocaresgrupobenidorm.com\/es\/\",\"logo\":{\"@type\":\"ImageObject\",\"inLanguage\":\"es\",\"@id\":\"https:\/\/autocaresgrupobenidorm.com\/es\/#\/schema\/logo\/image\/\",\"url\":\"https:\/\/autocaresgrupobenidorm.com\/wp-content\/uploads\/2021\/01\/LOGO-AGB-500.png\",\"contentUrl\":\"https:\/\/autocaresgrupobenidorm.com\/wp-content\/uploads\/2021\/01\/LOGO-AGB-500.png\",\"width\":500,\"height\":184,\"caption\":\"Autocares Grupo Benidorm\"},\"image\":{\"@id\":\"https:\/\/autocaresgrupobenidorm.com\/es\/#\/schema\/logo\/image\/\"}}]}<\/script>\n<!-- \/ Yoast SEO plugin. -->","yoast_head_json":{"title":"Aviso Legal - Autocares Grupo Benidorm","robots":{"index":"index","follow":"follow","max-snippet":"max-snippet:-1","max-image-preview":"max-image-preview:large","max-video-preview":"max-video-preview:-1"},"canonical":"https:\/\/autocaresgrupobenidorm.com\/es\/aviso-legal\/","og_locale":"es_ES","og_type":"article","og_title":"Aviso Legal - Autocares Grupo Benidorm","og_description":"Aviso Legal &nbsp; Aviso Legal Atendiendo a la ley, en vigor, 34\/2002 de 11 de julio, sobre los Servicios de la Sociedad de la Informaci\u00f3n y de Comercio Electr\u00f3nico (LSSICE), la empresa AUTOCARES GRUPO BENIDORM , S.L. informa, en cumplimiento del art\u00edculo 10 de la citada ley, de lo siguiente: &nbsp; La direcci\u00f3n www.autocaresgrupobenidorm.com corresponde [&hellip;]","og_url":"https:\/\/autocaresgrupobenidorm.com\/es\/aviso-legal\/","og_site_name":"Autocares Grupo Benidorm","article_modified_time":"2023-11-29T13:07:04+00:00","twitter_card":"summary_large_image","twitter_misc":{"Tiempo de lectura":"2 minutos"},"schema":{"@context":"https:\/\/schema.org","@graph":[{"@type":"WebPage","@id":"https:\/\/autocaresgrupobenidorm.com\/es\/aviso-legal\/","url":"https:\/\/autocaresgrupobenidorm.com\/es\/aviso-legal\/","name":"Aviso Legal - Autocares Grupo Benidorm","isPartOf":{"@id":"https:\/\/autocaresgrupobenidorm.com\/es\/#website"},"datePublished":"2021-04-06T07:40:54+00:00","dateModified":"2023-11-29T13:07:04+00:00","breadcrumb":{"@id":"https:\/\/autocaresgrupobenidorm.com\/es\/aviso-legal\/#breadcrumb"},"inLanguage":"es","potentialAction":[{"@type":"ReadAction","target":["https:\/\/autocaresgrupobenidorm.com\/es\/aviso-legal\/"]}]},{"@type":"BreadcrumbList","@id":"https:\/\/autocaresgrupobenidorm.com\/es\/aviso-legal\/#breadcrumb","itemListElement":[{"@type":"ListItem","position":1,"name":"Portada","item":"https:\/\/autocaresgrupobenidorm.com\/en\/"},{"@type":"ListItem","position":2,"name":"Aviso Legal"}]},{"@type":"WebSite","@id":"https:\/\/autocaresgrupobenidorm.com\/es\/#website","url":"https:\/\/autocaresgrupobenidorm.com\/es\/","name":"Autocares Grupo Benidorm","description":"Alquiler de autobuses y veh\u00edculos VIP","publisher":{"@id":"https:\/\/autocaresgrupobenidorm.com\/es\/#organization"},"potentialAction":[{"@type":"SearchAction","target":{"@type":"EntryPoint","urlTemplate":"https:\/\/autocaresgrupobenidorm.com\/es\/?s={search_term_string}"},"query-input":{"@type":"PropertyValueSpecification","valueRequired":true,"valueName":"search_term_string"}}],"inLanguage":"es"},{"@type":"Organization","@id":"https:\/\/autocaresgrupobenidorm.com\/es\/#organization","name":"Autocares Grupo Benidorm","url":"https:\/\/autocaresgrupobenidorm.com\/es\/","logo":{"@type":"ImageObject","inLanguage":"es","@id":"https:\/\/autocaresgrupobenidorm.com\/es\/#\/schema\/logo\/image\/","url":"https:\/\/autocaresgrupobenidorm.com\/wp-content\/uploads\/2021\/01\/LOGO-AGB-500.png","contentUrl":"https:\/\/autocaresgrupobenidorm.com\/wp-content\/uploads\/2021\/01\/LOGO-AGB-500.png","width":500,"height":184,"caption":"Autocares Grupo Benidorm"},"image":{"@id":"https:\/\/autocaresgrupobenidorm.com\/es\/#\/schema\/logo\/image\/"}}]}},"_links":{"self":[{"href":"https:\/\/autocaresgrupobenidorm.com\/es\/wp-json\/wp\/v2\/pages\/736","targetHints":{"allow":["GET"]}}],"collection":[{"href":"https:\/\/autocaresgrupobenidorm.com\/es\/wp-json\/wp\/v2\/pages"}],"about":[{"href":"https:\/\/autocaresgrupobenidorm.com\/es\/wp-json\/wp\/v2\/types\/page"}],"author":[{"embeddable":true,"href":"https:\/\/autocaresgrupobenidorm.com\/es\/wp-json\/wp\/v2\/users\/1"}],"replies":[{"embeddable":true,"href":"https:\/\/autocaresgrupobenidorm.com\/es\/wp-json\/wp\/v2\/comments?post=736"}],"version-history":[{"count":5,"href":"https:\/\/autocaresgrupobenidorm.com\/es\/wp-json\/wp\/v2\/pages\/736\/revisions"}],"predecessor-version":[{"id":1158,"href":"https:\/\/autocaresgrupobenidorm.com\/es\/wp-json\/wp\/v2\/pages\/736\/revisions\/1158"}],"wp:attachment":[{"href":"https:\/\/autocaresgrupobenidorm.com\/es\/wp-json\/wp\/v2\/media?parent=736"}],"curies":[{"name":"wp","href":"https:\/\/api.w.org\/{rel}","templated":true}]}}